{"id":4134,"date":"2021-03-08T16:15:02","date_gmt":"2021-03-08T15:15:02","guid":{"rendered":"https:\/\/gms-systeme.com\/?page_id=4134"},"modified":"2024-09-03T12:28:26","modified_gmt":"2024-09-03T10:28:26","slug":"home","status":"publish","type":"page","link":"https:\/\/gms-systeme.com\/sl\/","title":{"rendered":"Domov"},"content":{"rendered":"<div class=\"fusion-fullwidth fullwidth-box fusion-builder-row-1 nonhundred-percent-fullwidth non-hundred-percent-height-scrolling\" style=\"background-color: #003f79;background-position: left top;background-repeat: no-repeat;padding-top:50px;padding-right:0px;padding-bottom:50px;padding-left:0px;margin-bottom: 0px;margin-top: 0px;border-width: 0px 0px 0px 0px;border-color:#eae9e9;border-style:solid;\" ><div class=\"fusion-builder-row fusion-row\"><div class=\"fusion-layout-column fusion_builder_column fusion-builder-column-0 fusion_builder_column_1_1 1_1 fusion-one-full fusion-column-first fusion-column-last\" style=\"margin-top:0px;margin-bottom:0px;\"><div class=\"fusion-column-wrapper fusion-flex-column-wrapper-legacy\" style=\"background-position:left top;background-repeat:no-repeat;-webkit-background-size:cover;-moz-background-size:cover;-o-background-size:cover;background-size:cover;padding: 0px 0px 0px 0px;\"><div class=\"fusion-text fusion-text-1 webwerk-home-news-text\" style=\"transform:translate3d(0,0,0);\"><h1 style=\"font-weight: 300; text-align: center;\"><span style=\"color: #ffffff;\"><strong>Va\u0161 strokovnjak za stre\u0161no in pritrdilno tehniko<\/strong><\/span><\/h1>\n<\/div><div class=\"fusion-clearfix\"><\/div><\/div><\/div><\/div><\/div>\n","protected":false},"excerpt":{"rendered":"","protected":false},"author":1,"featured_media":0,"parent":0,"menu_order":0,"comment_status":"closed","ping_status":"closed","template":"100-width.php","meta":{"inline_featured_image":false,"footnotes":""},"class_list":["post-4134","page","type-page","status-publish","hentry"],"yoast_head":"<!-- This site is optimized with the Yoast SEO plugin v27.3 - https:\/\/yoast.com\/product\/yoast-seo-wordpress\/ -->\n<title>Domov - GMS-Bautechnik - Dach- und Befestigungssysteme - K\u00e4rnten, \u00d6sterreich.<\/title>\n<meta name=\"description\" content=\"GMS-Bautechnik - Stre\u0161ni in pritrdilni sistemi - Koro\u0161ka, Avstrija\" \/>\n<meta name=\"robots\" content=\"index, follow, max-snippet:-1, max-image-preview:large, max-video-preview:-1\" \/>\n<link rel=\"canonical\" href=\"https:\/\/gms-systeme.com\/sl\/\" \/>\n<meta property=\"og:locale\" content=\"sl_SI\" \/>\n<meta property=\"og:type\" content=\"article\" \/>\n<meta property=\"og:title\" content=\"Domov - GMS-Bautechnik - Dach- und Befestigungssysteme - K\u00e4rnten, \u00d6sterreich.\" \/>\n<meta property=\"og:description\" content=\"GMS-Bautechnik - Stre\u0161ni in pritrdilni sistemi - Koro\u0161ka, Avstrija\" \/>\n<meta property=\"og:url\" content=\"https:\/\/gms-systeme.com\/sl\/\" \/>\n<meta property=\"og:site_name\" content=\"GMS-Bautechnik - Dach- und Befestigungssysteme - K\u00e4rnten, \u00d6sterreich.\" \/>\n<meta property=\"article:modified_time\" content=\"2024-09-03T10:28:26+00:00\" \/>\n<meta name=\"twitter:card\" content=\"summary_large_image\" \/>\n<meta name=\"twitter:label1\" content=\"Est. reading time\" \/>\n\t<meta name=\"twitter:data1\" content=\"1 minuta\" \/>\n<script type=\"application\/ld+json\" class=\"yoast-schema-graph\">{\"@context\":\"https:\\\/\\\/schema.org\",\"@graph\":[{\"@type\":\"WebPage\",\"@id\":\"https:\\\/\\\/gms-systeme.com\\\/sl\\\/\",\"url\":\"https:\\\/\\\/gms-systeme.com\\\/sl\\\/\",\"name\":\"Domov - GMS-Bautechnik - Dach- und Befestigungssysteme - K\u00e4rnten, \u00d6sterreich.\",\"isPartOf\":{\"@id\":\"https:\\\/\\\/gms-systeme.com\\\/#website\"},\"datePublished\":\"2021-03-08T15:15:02+00:00\",\"dateModified\":\"2024-09-03T10:28:26+00:00\",\"description\":\"GMS-Bautechnik - Stre\u0161ni in pritrdilni sistemi - Koro\u0161ka, Avstrija\",\"breadcrumb\":{\"@id\":\"https:\\\/\\\/gms-systeme.com\\\/sl\\\/#breadcrumb\"},\"inLanguage\":\"sl-SI\",\"potentialAction\":[{\"@type\":\"ReadAction\",\"target\":[\"https:\\\/\\\/gms-systeme.com\\\/sl\\\/\"]}]},{\"@type\":\"BreadcrumbList\",\"@id\":\"https:\\\/\\\/gms-systeme.com\\\/sl\\\/#breadcrumb\",\"itemListElement\":[{\"@type\":\"ListItem\",\"position\":1,\"name\":\"Home\",\"item\":\"https:\\\/\\\/gms-systeme.com\\\/sl\\\/\"},{\"@type\":\"ListItem\",\"position\":2,\"name\":\"Domov\"}]},{\"@type\":\"WebSite\",\"@id\":\"https:\\\/\\\/gms-systeme.com\\\/#website\",\"url\":\"https:\\\/\\\/gms-systeme.com\\\/\",\"name\":\"GMS-Bautechnik - Dach- und Befestigungssysteme - K\u00e4rnten, \u00d6sterreich.\",\"description\":\"\",\"potentialAction\":[{\"@type\":\"SearchAction\",\"target\":{\"@type\":\"EntryPoint\",\"urlTemplate\":\"https:\\\/\\\/gms-systeme.com\\\/?s={search_term_string}\"},\"query-input\":{\"@type\":\"PropertyValueSpecification\",\"valueRequired\":true,\"valueName\":\"search_term_string\"}}],\"inLanguage\":\"sl-SI\"}]}<\/script>\n<!-- \/ Yoast SEO plugin. -->","yoast_head_json":{"title":"Domov - GMS-Bautechnik - Dach- und Befestigungssysteme - K\u00e4rnten, \u00d6sterreich.","description":"GMS-Bautechnik - Stre\u0161ni in pritrdilni sistemi - Koro\u0161ka, Avstrija","robots":{"index":"index","follow":"follow","max-snippet":"max-snippet:-1","max-image-preview":"max-image-preview:large","max-video-preview":"max-video-preview:-1"},"canonical":"https:\/\/gms-systeme.com\/sl\/","og_locale":"sl_SI","og_type":"article","og_title":"Domov - GMS-Bautechnik - Dach- und Befestigungssysteme - K\u00e4rnten, \u00d6sterreich.","og_description":"GMS-Bautechnik - Stre\u0161ni in pritrdilni sistemi - Koro\u0161ka, Avstrija","og_url":"https:\/\/gms-systeme.com\/sl\/","og_site_name":"GMS-Bautechnik - Dach- und Befestigungssysteme - K\u00e4rnten, \u00d6sterreich.","article_modified_time":"2024-09-03T10:28:26+00:00","twitter_card":"summary_large_image","twitter_misc":{"Est. reading time":"1 minuta"},"schema":{"@context":"https:\/\/schema.org","@graph":[{"@type":"WebPage","@id":"https:\/\/gms-systeme.com\/sl\/","url":"https:\/\/gms-systeme.com\/sl\/","name":"Domov - GMS-Bautechnik - Dach- und Befestigungssysteme - K\u00e4rnten, \u00d6sterreich.","isPartOf":{"@id":"https:\/\/gms-systeme.com\/#website"},"datePublished":"2021-03-08T15:15:02+00:00","dateModified":"2024-09-03T10:28:26+00:00","description":"GMS-Bautechnik - Stre\u0161ni in pritrdilni sistemi - Koro\u0161ka, Avstrija","breadcrumb":{"@id":"https:\/\/gms-systeme.com\/sl\/#breadcrumb"},"inLanguage":"sl-SI","potentialAction":[{"@type":"ReadAction","target":["https:\/\/gms-systeme.com\/sl\/"]}]},{"@type":"BreadcrumbList","@id":"https:\/\/gms-systeme.com\/sl\/#breadcrumb","itemListElement":[{"@type":"ListItem","position":1,"name":"Home","item":"https:\/\/gms-systeme.com\/sl\/"},{"@type":"ListItem","position":2,"name":"Domov"}]},{"@type":"WebSite","@id":"https:\/\/gms-systeme.com\/#website","url":"https:\/\/gms-systeme.com\/","name":"GMS-Bautechnik - Dach- und Befestigungssysteme - K\u00e4rnten, \u00d6sterreich.","description":"","potentialAction":[{"@type":"SearchAction","target":{"@type":"EntryPoint","urlTemplate":"https:\/\/gms-systeme.com\/?s={search_term_string}"},"query-input":{"@type":"PropertyValueSpecification","valueRequired":true,"valueName":"search_term_string"}}],"inLanguage":"sl-SI"}]}},"_links":{"self":[{"href":"https:\/\/gms-systeme.com\/sl\/wp-json\/wp\/v2\/pages\/4134","targetHints":{"allow":["GET"]}}],"collection":[{"href":"https:\/\/gms-systeme.com\/sl\/wp-json\/wp\/v2\/pages"}],"about":[{"href":"https:\/\/gms-systeme.com\/sl\/wp-json\/wp\/v2\/types\/page"}],"author":[{"embeddable":true,"href":"https:\/\/gms-systeme.com\/sl\/wp-json\/wp\/v2\/users\/1"}],"replies":[{"embeddable":true,"href":"https:\/\/gms-systeme.com\/sl\/wp-json\/wp\/v2\/comments?post=4134"}],"version-history":[{"count":9,"href":"https:\/\/gms-systeme.com\/sl\/wp-json\/wp\/v2\/pages\/4134\/revisions"}],"predecessor-version":[{"id":8946,"href":"https:\/\/gms-systeme.com\/sl\/wp-json\/wp\/v2\/pages\/4134\/revisions\/8946"}],"wp:attachment":[{"href":"https:\/\/gms-systeme.com\/sl\/wp-json\/wp\/v2\/media?parent=4134"}],"curies":[{"name":"wp","href":"https:\/\/api.w.org\/{rel}","templated":true}]}}