{"id":4599,"date":"2023-04-17T14:36:35","date_gmt":"2023-04-17T12:36:35","guid":{"rendered":"https:\/\/gms-systeme.com\/kazalo\/"},"modified":"2024-09-02T10:00:37","modified_gmt":"2024-09-02T08:00:37","slug":"kazalo","status":"publish","type":"page","link":"https:\/\/gms-systeme.com\/sl\/kazalo\/","title":{"rendered":"Kazalo"},"content":{"rendered":"<div class=\"fusion-fullwidth fullwidth-box fusion-builder-row-1 nonhundred-percent-fullwidth non-hundred-percent-height-scrolling\" style=\"background-color: #ffffff;background-position: left top;background-repeat: no-repeat;padding-top:3%;padding-right:0px;padding-bottom:2%;padding-left:0px;margin-bottom: 0px;margin-top: 0px;border-width: 0px 0px 0px 0px;border-color:#eae9e9;border-style:solid;\" ><div class=\"fusion-builder-row fusion-row\"><div class=\"fusion-layout-column fusion_builder_column fusion-builder-column-0 fusion_builder_column_1_1 1_1 fusion-one-full fusion-column-first fusion-column-last\" style=\"margin-top:0px;margin-bottom:25px;\"><div class=\"fusion-column-wrapper fusion-flex-column-wrapper-legacy\" style=\"background-position:left top;background-repeat:no-repeat;-webkit-background-size:cover;-moz-background-size:cover;-o-background-size:cover;background-size:cover;padding: 0px 0px 0px 0px;\">\t\t\t<!-- Flexy Breadcrumb -->\r\n\t\t\t<div class=\"fbc fbc-page\">\r\n\r\n\t\t\t\t<!-- Breadcrumb wrapper -->\r\n\t\t\t\t<div class=\"fbc-wrap\">\r\n\r\n\t\t\t\t\t<!-- Ordered list-->\r\n\t\t\t\t\t<ol class=\"fbc-items\" itemscope itemtype=\"https:\/\/schema.org\/BreadcrumbList\">\r\n\t\t\t\t\t\t            <li itemprop=\"itemListElement\" itemscope itemtype=\"https:\/\/schema.org\/ListItem\">\r\n                <span itemprop=\"name\">\r\n                    <!-- Home Link -->\r\n                    <a itemprop=\"item\" href=\"https:\/\/gms-systeme.com\/sl\/\">\r\n                    \r\n                                                    <i class=\"fa fa-home\" aria-hidden=\"true\"><\/i>Home                    <\/a>\r\n                <\/span>\r\n                <meta itemprop=\"position\" content=\"1\" \/><!-- Meta Position-->\r\n             <\/li><li><span class=\"fbc-separator\">\/<\/span><\/li><li class=\"active\" itemprop=\"itemListElement\" itemscope itemtype=\"https:\/\/schema.org\/ListItem\"><span itemprop=\"name\" title=\"Kazalo\">Kazalo<\/span><meta itemprop=\"position\" content=\"2\" \/><\/li>\t\t\t\t\t<\/ol>\r\n\t\t\t\t\t<div class=\"clearfix\"><\/div>\r\n\t\t\t\t<\/div>\r\n\t\t\t<\/div>\r\n\t\t\t<div class=\"fusion-text fusion-text-1\" style=\"transform:translate3d(0,0,0);\"><h2>Kazalo<\/h2>\n<\/div><div class=\"wsp-container\"><h2 class=\"wsp-pages-title\">Pages<\/h2>\n<ul class=\"wsp-pages-list\">\n<li class=\"page_item page-item-4134\"><a href=\"https:\/\/gms-systeme.com\/sl\/\">Domov<\/a><\/li>\n<li class=\"page_item page-item-4725\"><a href=\"https:\/\/gms-systeme.com\/sl\/izjava-o-poslanstvu\/\">Izjava o poslanstvu<\/a><\/li>\n<li class=\"page_item page-item-4601\"><a href=\"https:\/\/gms-systeme.com\/sl\/kariera\/\">Kariera<\/a><\/li>\n<li class=\"page_item page-item-4599\"><a href=\"https:\/\/gms-systeme.com\/sl\/kazalo\/\">Kazalo<\/a><\/li>\n<li class=\"page_item page-item-4636\"><a href=\"https:\/\/gms-systeme.com\/sl\/odtis\/\">Odtis<\/a><\/li>\n<li class=\"page_item page-item-4108\"><a href=\"https:\/\/gms-systeme.com\/sl\/pisite-na\/\">Pi\u0161ite na<\/a><\/li>\n<li class=\"page_item page-item-9307\"><a href=\"https:\/\/gms-systeme.com\/sl\/podjetje\/\">Podjetje<\/a><\/li>\n<li class=\"page_item page-item-4912\"><a href=\"https:\/\/gms-systeme.com\/sl\/politika-zasebnosti\/\">Politika zasebnosti<\/a><\/li>\n<li class=\"page_item page-item-4721 page_item_has_children\"><a href=\"https:\/\/gms-systeme.com\/sl\/pregled-izdelkov-fasadne-tehnologije\/\">Pregled izdelkov fasadne tehnologije<\/a>\n<ul class='children'>\n\t<li class=\"page_item page-item-4634\"><a href=\"https:\/\/gms-systeme.com\/sl\/pregled-izdelkov-fasadne-tehnologije\/prenosi-videoposnetki\/\">Prenosi\/ videoposnetki<\/a><\/li>\n\t<li class=\"page_item page-item-4603\"><a href=\"https:\/\/gms-systeme.com\/sl\/pregled-izdelkov-fasadne-tehnologije\/struktura-kamnitega-kamna-v-kamnolomu\/\">Struktura kamnitega kamna v kamnolomu<\/a><\/li>\n\t<li class=\"page_item page-item-4640\"><a href=\"https:\/\/gms-systeme.com\/sl\/pregled-izdelkov-fasadne-tehnologije\/struktura-klinkerja-nbii\/\">Struktura klinkerja NBII<\/a><\/li>\n\t<li class=\"page_item page-item-4598\"><a href=\"https:\/\/gms-systeme.com\/sl\/pregled-izdelkov-fasadne-tehnologije\/struktura-klinkerja-zbii\/\">Struktura klinkerja ZBII<\/a><\/li>\n\t<li class=\"page_item page-item-4646\"><a href=\"https:\/\/gms-systeme.com\/sl\/pregled-izdelkov-fasadne-tehnologije\/struktura-lesa\/\">Struktura lesa<\/a><\/li>\n\t<li class=\"page_item page-item-4645\"><a href=\"https:\/\/gms-systeme.com\/sl\/pregled-izdelkov-fasadne-tehnologije\/struktura-ometa\/\">Struktura ometa<\/a><\/li>\n\t<li class=\"page_item page-item-4642\"><a href=\"https:\/\/gms-systeme.com\/sl\/pregled-izdelkov-fasadne-tehnologije\/struktura-rezanja-listov\/\">Struktura rezanja listov<\/a><\/li>\n\t<li class=\"page_item page-item-4602\"><a href=\"https:\/\/gms-systeme.com\/sl\/pregled-izdelkov-fasadne-tehnologije\/strukturni-element\/\">Strukturni element<\/a><\/li>\n\t<li class=\"page_item page-item-4600\"><a href=\"https:\/\/gms-systeme.com\/sl\/pregled-izdelkov-fasadne-tehnologije\/terrastruktura\/\">Terrastruktura<\/a><\/li>\n<\/ul>\n<\/li>\n<li class=\"page_item page-item-9293\"><a href=\"https:\/\/gms-systeme.com\/sl\/press\/\">Press<\/a><\/li>\n<li class=\"page_item page-item-4891 page_item_has_children\"><a href=\"https:\/\/gms-systeme.com\/sl\/tehnologija-pritrjevanja\/\">Tehnologija pritrjevanja<\/a>\n<ul class='children'>\n\t<li class=\"page_item page-item-4643 page_item_has_children\"><a href=\"https:\/\/gms-systeme.com\/sl\/tehnologija-pritrjevanja\/pregled-izdelkov\/\">Pregled izdelkov<\/a>\n\t<ul class='children'>\n\t\t<li class=\"page_item page-item-4883\"><a href=\"https:\/\/gms-systeme.com\/sl\/tehnologija-pritrjevanja\/pregled-izdelkov\/diamantno-orodje\/\">Diamantno orodje<\/a><\/li>\n\t\t<li class=\"page_item page-item-4917\"><a href=\"https:\/\/gms-systeme.com\/sl\/tehnologija-pritrjevanja\/pregled-izdelkov\/elektricno-orodje\/\">Elektri\u010dno orodje<\/a><\/li>\n\t\t<li class=\"page_item page-item-4591\"><a href=\"https:\/\/gms-systeme.com\/sl\/tehnologija-pritrjevanja\/pregled-izdelkov\/leseni-prikljucek\/\">Leseni priklju\u010dek<\/a><\/li>\n\t\t<li class=\"page_item page-item-4597\"><a href=\"https:\/\/gms-systeme.com\/sl\/tehnologija-pritrjevanja\/pregled-izdelkov\/stabila\/\">Stabila<\/a><\/li>\n\t\t<li class=\"page_item page-item-4896\"><a href=\"https:\/\/gms-systeme.com\/sl\/tehnologija-pritrjevanja\/pregled-izdelkov\/vrtalno-kladivo\/\">Vrtalno kladivo<\/a><\/li>\n\t\t<li class=\"page_item page-item-4906\"><a href=\"https:\/\/gms-systeme.com\/sl\/tehnologija-pritrjevanja\/pregled-izdelkov\/zascita-stavb\/\">Za\u0161\u010dita stavb<\/a><\/li>\n\t<\/ul>\n<\/li>\n\t<li class=\"page_item page-item-4887\"><a href=\"https:\/\/gms-systeme.com\/sl\/tehnologija-pritrjevanja\/prenosi-2\/\">Prenosi<\/a><\/li>\n<\/ul>\n<\/li>\n<li class=\"page_item page-item-4901 page_item_has_children\"><a href=\"https:\/\/gms-systeme.com\/sl\/tehnologija-strehe\/\">Tehnologija strehe<\/a>\n<ul class='children'>\n\t<li class=\"page_item page-item-4882 page_item_has_children\"><a href=\"https:\/\/gms-systeme.com\/sl\/tehnologija-strehe\/izdelki\/\">Izdelki<\/a>\n\t<ul class='children'>\n\t\t<li class=\"page_item page-item-4812 page_item_has_children\"><a href=\"https:\/\/gms-systeme.com\/sl\/tehnologija-strehe\/izdelki\/ds-kovinski-stresniki\/\">DS kovinski stre\u0161niki<\/a>\n\t\t<ul class='children'>\n\t\t\t<li class=\"page_item page-item-4789\"><a href=\"https:\/\/gms-systeme.com\/sl\/tehnologija-strehe\/izdelki\/ds-kovinski-stresniki\/ds-jekleni-zlebovi\/\">DS Jekleni \u017elebovi<\/a><\/li>\n\t\t\t<li class=\"page_item page-item-4845\"><a href=\"https:\/\/gms-systeme.com\/sl\/tehnologija-strehe\/izdelki\/ds-kovinski-stresniki\/ds-stresna-kritina-profilni-oznacevalec\/\">DS Stre\u0161na kritina profilni ozna\u010devalec<\/a><\/li>\n\t\t\t<li class=\"page_item page-item-4859\"><a href=\"https:\/\/gms-systeme.com\/sl\/tehnologija-strehe\/izdelki\/ds-kovinski-stresniki\/ds-stresniki-profil-unik\/\">DS stre\u0161niki Profil Unik<\/a><\/li>\n\t\t\t<li class=\"page_item page-item-4770\"><a href=\"https:\/\/gms-systeme.com\/sl\/tehnologija-strehe\/izdelki\/ds-kovinski-stresniki\/garancijski-certifikat\/\">Garancijski certifikat<\/a><\/li>\n\t\t\t<li class=\"page_item page-item-4802\"><a href=\"https:\/\/gms-systeme.com\/sl\/tehnologija-strehe\/izdelki\/ds-kovinski-stresniki\/kaseta-ds-fasada\/\">Kaseta DS Fasada<\/a><\/li>\n\t\t\t<li class=\"page_item page-item-4813\"><a href=\"https:\/\/gms-systeme.com\/sl\/tehnologija-strehe\/izdelki\/ds-kovinski-stresniki\/list-ds-pan\/\">List DS Pan<\/a><\/li>\n\t\t\t<li class=\"page_item page-item-4803\"><a href=\"https:\/\/gms-systeme.com\/sl\/tehnologija-strehe\/izdelki\/ds-kovinski-stresniki\/predstavitev\/\">Predstavitev<\/a><\/li>\n\t\t\t<li class=\"page_item page-item-4830\"><a href=\"https:\/\/gms-systeme.com\/sl\/tehnologija-strehe\/izdelki\/ds-kovinski-stresniki\/sinusni-profili-ds\/\">Sinusni profili DS<\/a><\/li>\n\t\t\t<li class=\"page_item page-item-4727\"><a href=\"https:\/\/gms-systeme.com\/sl\/tehnologija-strehe\/izdelki\/ds-kovinski-stresniki\/visoki-profili-ds\/\">Visoki profili DS<\/a><\/li>\n\t\t<\/ul>\n<\/li>\n\t\t<li class=\"page_item page-item-4804 page_item_has_children\"><a href=\"https:\/\/gms-systeme.com\/sl\/tehnologija-strehe\/izdelki\/kovinski-stresniki-evertile\/\">Kovinski stre\u0161niki Evertile<\/a>\n\t\t<ul class='children'>\n\t\t\t<li class=\"page_item page-item-4860\"><a href=\"https:\/\/gms-systeme.com\/sl\/tehnologija-strehe\/izdelki\/kovinski-stresniki-evertile\/alutech\/\">Alutech<\/a><\/li>\n\t\t\t<li class=\"page_item page-item-4805\"><a href=\"https:\/\/gms-systeme.com\/sl\/tehnologija-strehe\/izdelki\/kovinski-stresniki-evertile\/everglaze-2\/\">Everglaze<\/a><\/li>\n\t\t\t<li class=\"page_item page-item-4820\"><a href=\"https:\/\/gms-systeme.com\/sl\/tehnologija-strehe\/izdelki\/kovinski-stresniki-evertile\/evertech-2k\/\">Evertech 2K<\/a><\/li>\n\t\t\t<li class=\"page_item page-item-4835\"><a href=\"https:\/\/gms-systeme.com\/sl\/tehnologija-strehe\/izdelki\/kovinski-stresniki-evertile\/evertile-coppo\/\">Evertile Coppo<\/a><\/li>\n\t\t\t<li class=\"page_item page-item-4873\"><a href=\"https:\/\/gms-systeme.com\/sl\/tehnologija-strehe\/izdelki\/kovinski-stresniki-evertile\/evertile-evoq-kubicni-pesek\/\">Evertile EVoQ &#8211; Kubi\u010dni pesek<\/a><\/li>\n\t\t\t<li class=\"page_item page-item-4850\"><a href=\"https:\/\/gms-systeme.com\/sl\/tehnologija-strehe\/izdelki\/kovinski-stresniki-evertile\/evertile-q-dric\/\">Evertile Q-Dric<\/a><\/li>\n\t\t\t<li class=\"page_item page-item-4829\"><a href=\"https:\/\/gms-systeme.com\/sl\/tehnologija-strehe\/izdelki\/kovinski-stresniki-evertile\/garancijski-certifikat\/\">Garancijski certifikat<\/a><\/li>\n\t\t\t<li class=\"page_item page-item-4878\"><a href=\"https:\/\/gms-systeme.com\/sl\/tehnologija-strehe\/izdelki\/kovinski-stresniki-evertile\/predstavitev\/\">Predstavitev<\/a><\/li>\n\t\t<\/ul>\n<\/li>\n\t\t<li class=\"page_item page-item-4844\"><a href=\"https:\/\/gms-systeme.com\/sl\/tehnologija-strehe\/izdelki\/montaza\/\">Monta\u017ea<\/a><\/li>\n\t\t<li class=\"page_item page-item-4742\"><a href=\"https:\/\/gms-systeme.com\/sl\/tehnologija-strehe\/izdelki\/sendvic-plosce\/\">Sendvi\u010d plo\u0161\u010de<\/a><\/li>\n\t\t<li class=\"page_item page-item-4755\"><a href=\"https:\/\/gms-systeme.com\/sl\/tehnologija-strehe\/izdelki\/trapezoidna-plocevina\/\">Trapezoidna plo\u010devina<\/a><\/li>\n\t<\/ul>\n<\/li>\n\t<li class=\"page_item page-item-4639\"><a href=\"https:\/\/gms-systeme.com\/sl\/tehnologija-strehe\/pregled-izdelka\/\">Pregled izdelka<\/a><\/li>\n\t<li class=\"page_item page-item-4745\"><a href=\"https:\/\/gms-systeme.com\/sl\/tehnologija-strehe\/prenosi\/\">Prenosi<\/a><\/li>\n\t<li class=\"page_item page-item-4788 page_item_has_children\"><a href=\"https:\/\/gms-systeme.com\/sl\/tehnologija-strehe\/reference\/\">Reference<\/a>\n\t<ul class='children'>\n\t\t<li class=\"page_item page-item-4775\"><a href=\"https:\/\/gms-systeme.com\/sl\/tehnologija-strehe\/reference\/ds-classic\/\">DS Classic<\/a><\/li>\n\t\t<li class=\"page_item page-item-4760\"><a href=\"https:\/\/gms-systeme.com\/sl\/tehnologija-strehe\/reference\/ds-unic\/\">DS Unic<\/a><\/li>\n\t\t<li class=\"page_item page-item-4754\"><a href=\"https:\/\/gms-systeme.com\/sl\/tehnologija-strehe\/reference\/everglaze\/\">Everglaze<\/a><\/li>\n\t\t<li class=\"page_item page-item-4726\"><a href=\"https:\/\/gms-systeme.com\/sl\/tehnologija-strehe\/reference\/evertech\/\">Evertech<\/a><\/li>\n\t\t<li class=\"page_item page-item-4769\"><a href=\"https:\/\/gms-systeme.com\/sl\/tehnologija-strehe\/reference\/evertile\/\">Evertile<\/a><\/li>\n\t\t<li class=\"page_item page-item-4741\"><a href=\"https:\/\/gms-systeme.com\/sl\/tehnologija-strehe\/reference\/evertile-coppo\/\">Evertile Coppo<\/a><\/li>\n\t<\/ul>\n<\/li>\n\t<li class=\"page_item page-item-4596\"><a href=\"https:\/\/gms-systeme.com\/sl\/tehnologija-strehe\/reference-za-pregled-izdelkov\/\">Reference za pregled izdelkov<\/a><\/li>\n\t<li class=\"page_item page-item-4798\"><a href=\"https:\/\/gms-systeme.com\/sl\/tehnologija-strehe\/videoposnetki\/\">Videoposnetki<\/a><\/li>\n<\/ul>\n<\/li>\n<\/ul>\n<\/div><div class=\"fusion-clearfix\"><\/div><\/div><\/div><\/div><\/div>\n","protected":false},"excerpt":{"rendered":"","protected":false},"author":1,"featured_media":0,"parent":0,"menu_order":0,"comment_status":"closed","ping_status":"closed","template":"100-width.php","meta":{"inline_featured_image":false,"footnotes":""},"class_list":["post-4599","page","type-page","status-publish","hentry"],"yoast_head":"<!-- This site is optimized with the Yoast SEO plugin v27.3 - https:\/\/yoast.com\/product\/yoast-seo-wordpress\/ -->\n<title>Kazalo - GMS-Bautechnik - Dach- und Befestigungssysteme - K\u00e4rnten, \u00d6sterreich.<\/title>\n<meta name=\"robots\" content=\"index, follow, max-snippet:-1, max-image-preview:large, max-video-preview:-1\" \/>\n<link rel=\"canonical\" href=\"https:\/\/gms-systeme.com\/sl\/kazalo\/\" \/>\n<meta property=\"og:locale\" content=\"sl_SI\" \/>\n<meta property=\"og:type\" content=\"article\" \/>\n<meta property=\"og:title\" content=\"Kazalo - GMS-Bautechnik - Dach- und Befestigungssysteme - K\u00e4rnten, \u00d6sterreich.\" \/>\n<meta property=\"og:url\" content=\"https:\/\/gms-systeme.com\/sl\/kazalo\/\" \/>\n<meta property=\"og:site_name\" content=\"GMS-Bautechnik - Dach- und Befestigungssysteme - K\u00e4rnten, \u00d6sterreich.\" \/>\n<meta property=\"article:modified_time\" content=\"2024-09-02T08:00:37+00:00\" \/>\n<meta name=\"twitter:card\" content=\"summary_large_image\" \/>\n<meta name=\"twitter:label1\" content=\"Est. reading time\" \/>\n\t<meta name=\"twitter:data1\" content=\"1 minuta\" \/>\n<script type=\"application\/ld+json\" class=\"yoast-schema-graph\">{\"@context\":\"https:\\\/\\\/schema.org\",\"@graph\":[{\"@type\":\"WebPage\",\"@id\":\"https:\\\/\\\/gms-systeme.com\\\/sl\\\/kazalo\\\/\",\"url\":\"https:\\\/\\\/gms-systeme.com\\\/sl\\\/kazalo\\\/\",\"name\":\"Kazalo - GMS-Bautechnik - Dach- und Befestigungssysteme - K\u00e4rnten, \u00d6sterreich.\",\"isPartOf\":{\"@id\":\"https:\\\/\\\/gms-systeme.com\\\/#website\"},\"datePublished\":\"2023-04-17T12:36:35+00:00\",\"dateModified\":\"2024-09-02T08:00:37+00:00\",\"breadcrumb\":{\"@id\":\"https:\\\/\\\/gms-systeme.com\\\/sl\\\/kazalo\\\/#breadcrumb\"},\"inLanguage\":\"sl-SI\",\"potentialAction\":[{\"@type\":\"ReadAction\",\"target\":[\"https:\\\/\\\/gms-systeme.com\\\/sl\\\/kazalo\\\/\"]}]},{\"@type\":\"BreadcrumbList\",\"@id\":\"https:\\\/\\\/gms-systeme.com\\\/sl\\\/kazalo\\\/#breadcrumb\",\"itemListElement\":[{\"@type\":\"ListItem\",\"position\":1,\"name\":\"Home\",\"item\":\"https:\\\/\\\/gms-systeme.com\\\/sl\\\/\"},{\"@type\":\"ListItem\",\"position\":2,\"name\":\"Kazalo\"}]},{\"@type\":\"WebSite\",\"@id\":\"https:\\\/\\\/gms-systeme.com\\\/#website\",\"url\":\"https:\\\/\\\/gms-systeme.com\\\/\",\"name\":\"GMS-Bautechnik - Dach- und Befestigungssysteme - K\u00e4rnten, \u00d6sterreich.\",\"description\":\"\",\"potentialAction\":[{\"@type\":\"SearchAction\",\"target\":{\"@type\":\"EntryPoint\",\"urlTemplate\":\"https:\\\/\\\/gms-systeme.com\\\/?s={search_term_string}\"},\"query-input\":{\"@type\":\"PropertyValueSpecification\",\"valueRequired\":true,\"valueName\":\"search_term_string\"}}],\"inLanguage\":\"sl-SI\"}]}<\/script>\n<!-- \/ Yoast SEO plugin. -->","yoast_head_json":{"title":"Kazalo - GMS-Bautechnik - Dach- und Befestigungssysteme - K\u00e4rnten, \u00d6sterreich.","robots":{"index":"index","follow":"follow","max-snippet":"max-snippet:-1","max-image-preview":"max-image-preview:large","max-video-preview":"max-video-preview:-1"},"canonical":"https:\/\/gms-systeme.com\/sl\/kazalo\/","og_locale":"sl_SI","og_type":"article","og_title":"Kazalo - GMS-Bautechnik - Dach- und Befestigungssysteme - K\u00e4rnten, \u00d6sterreich.","og_url":"https:\/\/gms-systeme.com\/sl\/kazalo\/","og_site_name":"GMS-Bautechnik - Dach- und Befestigungssysteme - K\u00e4rnten, \u00d6sterreich.","article_modified_time":"2024-09-02T08:00:37+00:00","twitter_card":"summary_large_image","twitter_misc":{"Est. reading time":"1 minuta"},"schema":{"@context":"https:\/\/schema.org","@graph":[{"@type":"WebPage","@id":"https:\/\/gms-systeme.com\/sl\/kazalo\/","url":"https:\/\/gms-systeme.com\/sl\/kazalo\/","name":"Kazalo - GMS-Bautechnik - Dach- und Befestigungssysteme - K\u00e4rnten, \u00d6sterreich.","isPartOf":{"@id":"https:\/\/gms-systeme.com\/#website"},"datePublished":"2023-04-17T12:36:35+00:00","dateModified":"2024-09-02T08:00:37+00:00","breadcrumb":{"@id":"https:\/\/gms-systeme.com\/sl\/kazalo\/#breadcrumb"},"inLanguage":"sl-SI","potentialAction":[{"@type":"ReadAction","target":["https:\/\/gms-systeme.com\/sl\/kazalo\/"]}]},{"@type":"BreadcrumbList","@id":"https:\/\/gms-systeme.com\/sl\/kazalo\/#breadcrumb","itemListElement":[{"@type":"ListItem","position":1,"name":"Home","item":"https:\/\/gms-systeme.com\/sl\/"},{"@type":"ListItem","position":2,"name":"Kazalo"}]},{"@type":"WebSite","@id":"https:\/\/gms-systeme.com\/#website","url":"https:\/\/gms-systeme.com\/","name":"GMS-Bautechnik - Dach- und Befestigungssysteme - K\u00e4rnten, \u00d6sterreich.","description":"","potentialAction":[{"@type":"SearchAction","target":{"@type":"EntryPoint","urlTemplate":"https:\/\/gms-systeme.com\/?s={search_term_string}"},"query-input":{"@type":"PropertyValueSpecification","valueRequired":true,"valueName":"search_term_string"}}],"inLanguage":"sl-SI"}]}},"_links":{"self":[{"href":"https:\/\/gms-systeme.com\/sl\/wp-json\/wp\/v2\/pages\/4599","targetHints":{"allow":["GET"]}}],"collection":[{"href":"https:\/\/gms-systeme.com\/sl\/wp-json\/wp\/v2\/pages"}],"about":[{"href":"https:\/\/gms-systeme.com\/sl\/wp-json\/wp\/v2\/types\/page"}],"author":[{"embeddable":true,"href":"https:\/\/gms-systeme.com\/sl\/wp-json\/wp\/v2\/users\/1"}],"replies":[{"embeddable":true,"href":"https:\/\/gms-systeme.com\/sl\/wp-json\/wp\/v2\/comments?post=4599"}],"version-history":[{"count":6,"href":"https:\/\/gms-systeme.com\/sl\/wp-json\/wp\/v2\/pages\/4599\/revisions"}],"predecessor-version":[{"id":8607,"href":"https:\/\/gms-systeme.com\/sl\/wp-json\/wp\/v2\/pages\/4599\/revisions\/8607"}],"wp:attachment":[{"href":"https:\/\/gms-systeme.com\/sl\/wp-json\/wp\/v2\/media?parent=4599"}],"curies":[{"name":"wp","href":"https:\/\/api.w.org\/{rel}","templated":true}]}}