{"id":4636,"date":"2023-04-17T14:36:45","date_gmt":"2023-04-17T12:36:45","guid":{"rendered":"https:\/\/gms-systeme.com\/odtis\/"},"modified":"2023-10-05T10:55:11","modified_gmt":"2023-10-05T08:55:11","slug":"odtis","status":"publish","type":"page","link":"https:\/\/gms-systeme.com\/sl\/odtis\/","title":{"rendered":"Odtis"},"content":{"rendered":"<div class=\"fusion-fullwidth fullwidth-box fusion-builder-row-1 nonhundred-percent-fullwidth non-hundred-percent-height-scrolling\" style=\"background-color: rgba(255,255,255,0);background-position: center center;background-repeat: no-repeat;padding-top:0px;padding-right:0px;padding-bottom:0px;padding-left:0px;margin-bottom: 0px;margin-top: 0px;border-width: 0px 0px 0px 0px;border-color:#eae9e9;border-style:solid;\" ><div class=\"fusion-builder-row fusion-row\"><div class=\"fusion-layout-column fusion_builder_column fusion-builder-column-0 fusion_builder_column_1_1 1_1 fusion-one-full fusion-column-first fusion-column-last\" style=\"margin-top:0px;margin-bottom:0px;\"><div class=\"fusion-column-wrapper fusion-flex-column-wrapper-legacy\" style=\"background-position:left top;background-repeat:no-repeat;-webkit-background-size:cover;-moz-background-size:cover;-o-background-size:cover;background-size:cover;padding: 0px 0px 0px 0px;\">\t\t\t<!-- Flexy Breadcrumb -->\r\n\t\t\t<div class=\"fbc fbc-page\">\r\n\r\n\t\t\t\t<!-- Breadcrumb wrapper -->\r\n\t\t\t\t<div class=\"fbc-wrap\">\r\n\r\n\t\t\t\t\t<!-- Ordered list-->\r\n\t\t\t\t\t<ol class=\"fbc-items\" itemscope itemtype=\"https:\/\/schema.org\/BreadcrumbList\">\r\n\t\t\t\t\t\t            <li itemprop=\"itemListElement\" itemscope itemtype=\"https:\/\/schema.org\/ListItem\">\r\n                <span itemprop=\"name\">\r\n                    <!-- Home Link -->\r\n                    <a itemprop=\"item\" href=\"https:\/\/gms-systeme.com\/sl\/\">\r\n                    \r\n                                                    <i class=\"fa fa-home\" aria-hidden=\"true\"><\/i>Home                    <\/a>\r\n                <\/span>\r\n                <meta itemprop=\"position\" content=\"1\" \/><!-- Meta Position-->\r\n             <\/li><li><span class=\"fbc-separator\">\/<\/span><\/li><li class=\"active\" itemprop=\"itemListElement\" itemscope itemtype=\"https:\/\/schema.org\/ListItem\"><span itemprop=\"name\" title=\"Odtis\">Odtis<\/span><meta itemprop=\"position\" content=\"2\" \/><\/li>\t\t\t\t\t<\/ol>\r\n\t\t\t\t\t<div class=\"clearfix\"><\/div>\r\n\t\t\t\t<\/div>\r\n\t\t\t<\/div>\r\n\t\t\t<div class=\"fusion-text fusion-text-1\" style=\"transform:translate3d(0,0,0);\"><h2 class=\"wp-block-heading\" style=\"font-weight: 400;\">Odtis<\/h2>\n<p style=\"font-weight: 400;\">Informationspflicht laut \u00a75 E-Commerce Gesetz, \u00a714 Unternehmensgesetzbuch, \u00a763 Gewerbeordnung und Offenlegungspflicht laut \u00a725 Mediengesetz.<\/p>\n<p style=\"font-weight: 400;\">GMS-Bautechnik GmbH<br \/>Sonnengasse 13,\u00a0<br \/>9020 Klagenfurt am W\u00f6rthersee,\u00a0<br \/>\u00d6sterreich<\/p>\n<p style=\"font-weight: 400;\"><strong>Unternehmensgegenstand:<\/strong>\u00a0Handelsgewerbe (\u00a7 124 Z.10 GewO 1194), eingeschr\u00e4nkt auf den Gro\u00dfhandel<br \/><strong>UID-Nummer:<\/strong>\u00a0ATU50204906<br \/><strong>Firmenbuchnummer:<\/strong>\u00a0FN 201184i<br \/><strong>Firmenbuchgericht:<\/strong>\u00a0Klagenfurt<br \/><strong>Firmensitz:<\/strong>\u00a09020 Klagenfurt<\/p>\n<p style=\"font-weight: 400;\"><strong>Tel.:<\/strong>\u00a0+43 463 48 1111\u00a0<br \/><strong>Fax:<\/strong>\u00a0+43 463 48 1111 20<br \/><strong>E-Mail:<\/strong>\u00a0<a href=\"mailto:office@gms-systeme.com\">office@gms-systeme.com<\/a><\/p>\n<p style=\"font-weight: 400;\"><strong>Mitglied bei:<\/strong>\u00a0WKO K\u00e4rnten<br \/><strong>Berufsrecht:<\/strong>\u00a0Gewerbeordnung: www.ris.bka.gv.at<\/p>\n<p style=\"font-weight: 400;\"><strong>Aufsichtsbeh\u00f6rde\/Gewerbebeh\u00f6rde:<\/strong>\u00a0Bezirkshauptmannschaft Klagenfurt<br \/><strong>Verleihungsstaat:<\/strong>\u00a0\u00d6sterreich<\/p>\n<p style=\"font-weight: 400;\">Quelle: Erstellt\u00a0mit dem\u00a0<a href=\"https:\/\/www.firmenwebseiten.at\/impressum-generator\/\">Impressum Generator von firmenwebseiten.at<\/a>\u00a0in Kooperation mit\u00a0<a href=\"https:\/\/www.augenlaserinfo.com\/\">augenlaserinfo.com<\/a><\/p>\n<p style=\"font-weight: 400;\"><strong>EU-Streitschlichtung<\/strong><\/p>\n<p style=\"font-weight: 400;\">Gem\u00e4\u00df Verordnung \u00fcber Online-Streitbeilegung in Verbraucherangelegenheiten (ODR-Verordnung) m\u00f6chten wir Sie \u00fcber die Online-Streitbeilegungsplattform (OS-Plattform) informieren.<br \/>Verbraucher haben die M\u00f6glichkeit, Beschwerden an die Online Streitbeilegungsplattform der Europ\u00e4ischen Kommission unter\u00a0<a href=\"http:\/\/ec.europa.eu\/odr?tid=221064327\">http:\/\/ec.europa.eu\/odr<\/a>\u00a0zu richten. Die daf\u00fcr notwendigen Kontaktdaten finden Sie oberhalb in unserem Impressum.<\/p>\n<p style=\"font-weight: 400;\">Wir m\u00f6chten Sie jedoch darauf hinweisen, dass wir nicht bereit oder verpflichtet sind, an Streitbeilegungsverfahren vor einer Verbraucherschlichtungsstelle teilzunehmen.<\/p>\n<p style=\"font-weight: 400;\"><strong>Haftung f\u00fcr Inhalte dieser Webseite<\/strong><\/p>\n<p style=\"font-weight: 400;\">Wir entwickeln die Inhalte dieser Webseite st\u00e4ndig weiter und bem\u00fchen uns korrekte und aktuelle Informationen bereitzustellen. Leider k\u00f6nnen wir keine Haftung f\u00fcr die Korrektheit aller Inhalte auf dieser Webseite \u00fcbernehmen, speziell f\u00fcr jene die seitens Dritter bereitgestellt wurden.<\/p>\n<p style=\"font-weight: 400;\">Sollten Ihnen problematische oder rechtswidrige Inhalte auffallen, bitte wir Sie uns umgehend zu kontaktieren, Sie finden die Kontaktdaten im Impressum.<\/p>\n<p style=\"font-weight: 400;\"><strong>Haftung f\u00fcr Links auf dieser Webseite<\/strong><\/p>\n<p style=\"font-weight: 400;\">Unsere Webseite enth\u00e4lt Links zu anderen Webseiten f\u00fcr deren Inhalt wir nicht verantwortlich sind. Haftung f\u00fcr verlinkte Websites besteht laut\u00a0<a href=\"https:\/\/www.ris.bka.gv.at\/Dokument.wxe?Abfrage=Bundesnormen&amp;Dokumentnummer=NOR40025813&amp;tid=221064327\">\u00a7 17 ECG<\/a>\u00a0f\u00fcr uns nicht, da wir keine Kenntnis rechtswidriger T\u00e4tigkeiten hatten und haben, uns solche Rechtswidrigkeiten auch bisher nicht aufgefallen sind und wir Links sofort entfernen w\u00fcrden, wenn uns Rechtswidrigkeiten bekannt werden.<\/p>\n<p style=\"font-weight: 400;\">Wenn Ihnen rechtswidrige Links auf unserer Website auffallen, bitte wir Sie uns zu kontaktieren, Sie finden die Kontaktdaten im Impressum.<\/p>\n<p style=\"font-weight: 400;\"><strong>Urheberrechtshinweis<\/strong><\/p>\n<p style=\"font-weight: 400;\">Alle Inhalte dieser Webseite (Bilder, Fotos, Texte, Videos) unterliegen dem Urheberrecht. Falls notwendig, werden wir die unerlaubte Nutzung von Teilen der Inhalte unserer Seite rechtlich verfolgen.<\/p>\n<p style=\"font-weight: 400;\"><strong>Bildernachweis<\/strong><\/p>\n<p style=\"font-weight: 400;\">Die Bilder, Fotos und Grafiken auf dieser Webseite sind urheberrechtlich gesch\u00fctzt.<\/p>\n<p style=\"font-weight: 400;\">Die Bilderrechte liegen bei den folgenden Fotografen und Unternehmen:<\/p>\n<ul>\n<li style=\"font-weight: 400;\">teilweise billionphotos.com<\/li>\n<\/ul>\n<\/div><div class=\"fusion-clearfix\"><\/div><\/div><\/div><\/div><\/div>","protected":false},"excerpt":{"rendered":"","protected":false},"author":1,"featured_media":0,"parent":0,"menu_order":0,"comment_status":"closed","ping_status":"open","template":"","meta":{"inline_featured_image":false,"footnotes":""},"class_list":["post-4636","page","type-page","status-publish","hentry"],"yoast_head":"<!-- This site is optimized with the Yoast SEO plugin v27.3 - https:\/\/yoast.com\/product\/yoast-seo-wordpress\/ -->\n<title>Odtis - GMS-Bautechnik - Dach- und Befestigungssysteme - K\u00e4rnten, \u00d6sterreich.<\/title>\n<meta name=\"robots\" content=\"index, follow, max-snippet:-1, max-image-preview:large, max-video-preview:-1\" \/>\n<link rel=\"canonical\" href=\"https:\/\/gms-systeme.com\/sl\/odtis\/\" \/>\n<meta property=\"og:locale\" content=\"sl_SI\" \/>\n<meta property=\"og:type\" content=\"article\" \/>\n<meta property=\"og:title\" content=\"Odtis - GMS-Bautechnik - Dach- und Befestigungssysteme - K\u00e4rnten, \u00d6sterreich.\" \/>\n<meta property=\"og:url\" content=\"https:\/\/gms-systeme.com\/sl\/odtis\/\" \/>\n<meta property=\"og:site_name\" content=\"GMS-Bautechnik - Dach- und Befestigungssysteme - K\u00e4rnten, \u00d6sterreich.\" \/>\n<meta property=\"article:modified_time\" content=\"2023-10-05T08:55:11+00:00\" \/>\n<meta name=\"twitter:card\" content=\"summary_large_image\" \/>\n<meta name=\"twitter:label1\" content=\"Est. reading time\" \/>\n\t<meta name=\"twitter:data1\" content=\"2 minuti\" \/>\n<script type=\"application\/ld+json\" class=\"yoast-schema-graph\">{\"@context\":\"https:\\\/\\\/schema.org\",\"@graph\":[{\"@type\":\"WebPage\",\"@id\":\"https:\\\/\\\/gms-systeme.com\\\/sl\\\/odtis\\\/\",\"url\":\"https:\\\/\\\/gms-systeme.com\\\/sl\\\/odtis\\\/\",\"name\":\"Odtis - GMS-Bautechnik - Dach- und Befestigungssysteme - K\u00e4rnten, \u00d6sterreich.\",\"isPartOf\":{\"@id\":\"https:\\\/\\\/gms-systeme.com\\\/#website\"},\"datePublished\":\"2023-04-17T12:36:45+00:00\",\"dateModified\":\"2023-10-05T08:55:11+00:00\",\"breadcrumb\":{\"@id\":\"https:\\\/\\\/gms-systeme.com\\\/sl\\\/odtis\\\/#breadcrumb\"},\"inLanguage\":\"sl-SI\",\"potentialAction\":[{\"@type\":\"ReadAction\",\"target\":[\"https:\\\/\\\/gms-systeme.com\\\/sl\\\/odtis\\\/\"]}]},{\"@type\":\"BreadcrumbList\",\"@id\":\"https:\\\/\\\/gms-systeme.com\\\/sl\\\/odtis\\\/#breadcrumb\",\"itemListElement\":[{\"@type\":\"ListItem\",\"position\":1,\"name\":\"Home\",\"item\":\"https:\\\/\\\/gms-systeme.com\\\/sl\\\/\"},{\"@type\":\"ListItem\",\"position\":2,\"name\":\"Odtis\"}]},{\"@type\":\"WebSite\",\"@id\":\"https:\\\/\\\/gms-systeme.com\\\/#website\",\"url\":\"https:\\\/\\\/gms-systeme.com\\\/\",\"name\":\"GMS-Bautechnik - Dach- und Befestigungssysteme - K\u00e4rnten, \u00d6sterreich.\",\"description\":\"\",\"potentialAction\":[{\"@type\":\"SearchAction\",\"target\":{\"@type\":\"EntryPoint\",\"urlTemplate\":\"https:\\\/\\\/gms-systeme.com\\\/?s={search_term_string}\"},\"query-input\":{\"@type\":\"PropertyValueSpecification\",\"valueRequired\":true,\"valueName\":\"search_term_string\"}}],\"inLanguage\":\"sl-SI\"}]}<\/script>\n<!-- \/ Yoast SEO plugin. -->","yoast_head_json":{"title":"Odtis - GMS-Bautechnik - Dach- und Befestigungssysteme - K\u00e4rnten, \u00d6sterreich.","robots":{"index":"index","follow":"follow","max-snippet":"max-snippet:-1","max-image-preview":"max-image-preview:large","max-video-preview":"max-video-preview:-1"},"canonical":"https:\/\/gms-systeme.com\/sl\/odtis\/","og_locale":"sl_SI","og_type":"article","og_title":"Odtis - GMS-Bautechnik - Dach- und Befestigungssysteme - K\u00e4rnten, \u00d6sterreich.","og_url":"https:\/\/gms-systeme.com\/sl\/odtis\/","og_site_name":"GMS-Bautechnik - Dach- und Befestigungssysteme - K\u00e4rnten, \u00d6sterreich.","article_modified_time":"2023-10-05T08:55:11+00:00","twitter_card":"summary_large_image","twitter_misc":{"Est. reading time":"2 minuti"},"schema":{"@context":"https:\/\/schema.org","@graph":[{"@type":"WebPage","@id":"https:\/\/gms-systeme.com\/sl\/odtis\/","url":"https:\/\/gms-systeme.com\/sl\/odtis\/","name":"Odtis - GMS-Bautechnik - Dach- und Befestigungssysteme - K\u00e4rnten, \u00d6sterreich.","isPartOf":{"@id":"https:\/\/gms-systeme.com\/#website"},"datePublished":"2023-04-17T12:36:45+00:00","dateModified":"2023-10-05T08:55:11+00:00","breadcrumb":{"@id":"https:\/\/gms-systeme.com\/sl\/odtis\/#breadcrumb"},"inLanguage":"sl-SI","potentialAction":[{"@type":"ReadAction","target":["https:\/\/gms-systeme.com\/sl\/odtis\/"]}]},{"@type":"BreadcrumbList","@id":"https:\/\/gms-systeme.com\/sl\/odtis\/#breadcrumb","itemListElement":[{"@type":"ListItem","position":1,"name":"Home","item":"https:\/\/gms-systeme.com\/sl\/"},{"@type":"ListItem","position":2,"name":"Odtis"}]},{"@type":"WebSite","@id":"https:\/\/gms-systeme.com\/#website","url":"https:\/\/gms-systeme.com\/","name":"GMS-Bautechnik - Dach- und Befestigungssysteme - K\u00e4rnten, \u00d6sterreich.","description":"","potentialAction":[{"@type":"SearchAction","target":{"@type":"EntryPoint","urlTemplate":"https:\/\/gms-systeme.com\/?s={search_term_string}"},"query-input":{"@type":"PropertyValueSpecification","valueRequired":true,"valueName":"search_term_string"}}],"inLanguage":"sl-SI"}]}},"_links":{"self":[{"href":"https:\/\/gms-systeme.com\/sl\/wp-json\/wp\/v2\/pages\/4636","targetHints":{"allow":["GET"]}}],"collection":[{"href":"https:\/\/gms-systeme.com\/sl\/wp-json\/wp\/v2\/pages"}],"about":[{"href":"https:\/\/gms-systeme.com\/sl\/wp-json\/wp\/v2\/types\/page"}],"author":[{"embeddable":true,"href":"https:\/\/gms-systeme.com\/sl\/wp-json\/wp\/v2\/users\/1"}],"replies":[{"embeddable":true,"href":"https:\/\/gms-systeme.com\/sl\/wp-json\/wp\/v2\/comments?post=4636"}],"version-history":[{"count":6,"href":"https:\/\/gms-systeme.com\/sl\/wp-json\/wp\/v2\/pages\/4636\/revisions"}],"predecessor-version":[{"id":8953,"href":"https:\/\/gms-systeme.com\/sl\/wp-json\/wp\/v2\/pages\/4636\/revisions\/8953"}],"wp:attachment":[{"href":"https:\/\/gms-systeme.com\/sl\/wp-json\/wp\/v2\/media?parent=4636"}],"curies":[{"name":"wp","href":"https:\/\/api.w.org\/{rel}","templated":true}]}}