{"id":4906,"date":"2023-04-17T14:52:49","date_gmt":"2023-04-17T12:52:49","guid":{"rendered":"https:\/\/gms-systeme.com\/pregled-izdelkov\/zascita-stavb\/"},"modified":"2024-09-02T10:05:44","modified_gmt":"2024-09-02T08:05:44","slug":"zascita-stavb","status":"publish","type":"page","link":"https:\/\/gms-systeme.com\/sl\/tehnologija-pritrjevanja\/pregled-izdelkov\/zascita-stavb\/","title":{"rendered":"Za\u0161\u010dita stavb"},"content":{"rendered":"<p><div class=\"fusion-fullwidth fullwidth-box fusion-builder-row-1 nonhundred-percent-fullwidth non-hundred-percent-height-scrolling\" style=\"background-color: #01539f;background-position: left top;background-repeat: no-repeat;padding-top:50px;padding-right:0px;padding-bottom:50px;padding-left:0px;margin-bottom: 0px;margin-top: 0px;border-width: 0px 0px 0px 0px;border-color:#eae9e9;border-style:solid;\" ><div class=\"fusion-builder-row fusion-row\"><div class=\"fusion-layout-column fusion_builder_column fusion-builder-column-0 fusion_builder_column_1_1 1_1 fusion-one-full fusion-column-first fusion-column-last\" style=\"margin-top:0px;margin-bottom:0px;\"><div class=\"fusion-column-wrapper fusion-flex-column-wrapper-legacy\" style=\"background-position:left top;background-repeat:no-repeat;-webkit-background-size:cover;-moz-background-size:cover;-o-background-size:cover;background-size:cover;padding: 0px 0px 0px 0px;\"><div class=\"fusion-text fusion-text-1\" style=\"transform:translate3d(0,0,0);\"><h2 style=\"font-weight: 300; text-align: center;\"><span style=\"color: #ffffff;\">Imate projekt, za katerega \u017eelite, da ga podpremo?<\/span><\/h2>\n<\/div><div class=\"fusion-aligncenter\"><style type=\"text\/css\">.fusion-button.button-1 .fusion-button-text, .fusion-button.button-1 i {color:#01539f;}.fusion-button.button-1 .fusion-button-icon-divider{border-color:#01539f;}.fusion-button.button-1:hover .fusion-button-text, .fusion-button.button-1:hover i,.fusion-button.button-1:focus .fusion-button-text, .fusion-button.button-1:focus i,.fusion-button.button-1:active .fusion-button-text, .fusion-button.button-1:active{color:#ffffff;}.fusion-button.button-1:hover .fusion-button-icon-divider, .fusion-button.button-1:hover .fusion-button-icon-divider, .fusion-button.button-1:active .fusion-button-icon-divider{border-color:#ffffff;}.fusion-button.button-1:hover, .fusion-button.button-1:focus, .fusion-button.button-1:active{border-color:#ffffff;border-width:2px;}.fusion-button.button-1 {border-color:#01539f;border-width:2px;border-radius:0px;}.fusion-button.button-1{background: #ffffff;}.fusion-button.button-1:hover,.button-1:focus,.fusion-button.button-1:active{background: #f66400;}<\/style><a class=\"fusion-button button-flat fusion-button-default-size button-custom button-1 fusion-button-default-span fusion-button-default-type\" target=\"_self\" href=\"https:\/\/gms-systeme.com\/sl\/?page_id=4108\"><span class=\"fusion-button-text\">Kontaktirajte nas!<\/span><\/a><\/div><div class=\"fusion-clearfix\"><\/div><\/div><\/div><\/div><\/div><div class=\"fusion-fullwidth fullwidth-box fusion-builder-row-2 nonhundred-percent-fullwidth non-hundred-percent-height-scrolling\" style=\"background-color: #ffffff;background-position: left top;background-repeat: no-repeat;padding-top:3%;padding-right:0px;padding-bottom:2%;padding-left:0px;margin-bottom: 0px;margin-top: 0px;border-width: 0px 0px 0px 0px;border-color:#eae9e9;border-style:solid;\" ><div class=\"fusion-builder-row fusion-row\"><div class=\"fusion-layout-column fusion_builder_column fusion-builder-column-1 fusion_builder_column_1_1 1_1 fusion-one-full fusion-column-first fusion-column-last\" style=\"margin-top:0px;margin-bottom:25px;\"><div class=\"fusion-column-wrapper fusion-flex-column-wrapper-legacy\" style=\"background-position:left top;background-repeat:no-repeat;-webkit-background-size:cover;-moz-background-size:cover;-o-background-size:cover;background-size:cover;padding: 0px 0px 0px 0px;\">\t\t\t<!-- Flexy Breadcrumb -->\r\n\t\t\t<div class=\"fbc fbc-page\">\r\n\r\n\t\t\t\t<!-- Breadcrumb wrapper -->\r\n\t\t\t\t<div class=\"fbc-wrap\">\r\n\r\n\t\t\t\t\t<!-- Ordered list-->\r\n\t\t\t\t\t<ol class=\"fbc-items\" itemscope itemtype=\"https:\/\/schema.org\/BreadcrumbList\">\r\n\t\t\t\t\t\t            <li itemprop=\"itemListElement\" itemscope itemtype=\"https:\/\/schema.org\/ListItem\">\r\n                <span itemprop=\"name\">\r\n                    <!-- Home Link -->\r\n                    <a itemprop=\"item\" href=\"https:\/\/gms-systeme.com\/sl\/\">\r\n                    \r\n                                                    <i class=\"fa fa-home\" aria-hidden=\"true\"><\/i>Home                    <\/a>\r\n                <\/span>\r\n                <meta itemprop=\"position\" content=\"1\" \/><!-- Meta Position-->\r\n             <\/li><li><span class=\"fbc-separator\">\/<\/span><\/li><li class=\"active\" itemprop=\"itemListElement\" itemscope itemtype=\"https:\/\/schema.org\/ListItem\"><span itemprop=\"name\" title=\"Za\u0161\u010dita stavb\">Za\u0161\u010dita stavb<\/span><meta itemprop=\"position\" content=\"2\" \/><\/li>\t\t\t\t\t<\/ol>\r\n\t\t\t\t\t<div class=\"clearfix\"><\/div>\r\n\t\t\t\t<\/div>\r\n\t\t\t<\/div>\r\n\t\t\t<style type=\"text\/css\"><\/style><div class=\"fusion-title title fusion-title-1 fusion-title-text fusion-title-size-two\" style=\"margin-top:0px;margin-bottom:10px;\"><h2 class=\"title-heading-left\" style=\"margin:0;\"><strong>Avenarius Agro Products<\/strong><\/h2><div class=\"title-sep-container\"><div class=\"title-sep sep-single sep-solid\" style=\"border-color:#f66400;\"><\/div><\/div><\/div><div class=\"fusion-text fusion-text-2\" style=\"transform:translate3d(0,0,0);\"><div class=\"csc-header csc-header-n2\">\n<h3>Spojni trakovi v \u0161tevilnih razli\u010dicah<\/h3>\n<\/div>\n<p>Za optimalno tesnjenje gradbenih stikov se lahko uporabljajo razli\u010dni vodni zaporniki, ki jih je treba v fazi na\u010drtovanja skrbno izbrati glede na ustrezne zahteve. Na\u0161a ponudba vklju\u010duje vodne zaporke razli\u010dnih kakovosti in kategorij, kot so raztezne vodne zaporke, nabrekle vodne zaporke, maskirni sistemi, injekcijske cevi, kovinske vodne zaporke in vodne zaporke. Poleg tesnilne funkcije je mogo\u010de po potrebi izpolniti tudi zahteve po odpornosti na razli\u010dne kemi\u010dne medije (npr. bencin, odpadna voda, gnoj itd.) ali dokazano preizku\u0161ene aplikacije na podro\u010dju pitne vode.<\/p>\n<\/div><span class=\" fusion-imageframe imageframe-none imageframe-1 hover-type-none\"><img decoding=\"async\" width=\"600\" height=\"271\" title=\"SONY DSC\" src=\"https:\/\/gms-systeme.com\/wp-content\/uploads\/2019\/10\/02_Fugenbaender.jpg\" class=\"img-responsive wp-image-6267\" srcset=\"https:\/\/gms-systeme.com\/wp-content\/uploads\/2019\/10\/02_Fugenbaender-200x90.jpg 200w, https:\/\/gms-systeme.com\/wp-content\/uploads\/2019\/10\/02_Fugenbaender-400x181.jpg 400w, https:\/\/gms-systeme.com\/wp-content\/uploads\/2019\/10\/02_Fugenbaender.jpg 600w\" sizes=\"(max-width: 800px) 100vw, 600px\" \/><\/span><span class=\" fusion-imageframe imageframe-none imageframe-2 hover-type-none\"><img decoding=\"async\" width=\"1128\" height=\"364\" title=\"Download\" src=\"https:\/\/gms-systeme.com\/wp-content\/uploads\/2019\/10\/Download.png\" class=\"img-responsive wp-image-6272\" srcset=\"https:\/\/gms-systeme.com\/wp-content\/uploads\/2019\/10\/Download-200x65.png 200w, https:\/\/gms-systeme.com\/wp-content\/uploads\/2019\/10\/Download-400x129.png 400w, https:\/\/gms-systeme.com\/wp-content\/uploads\/2019\/10\/Download-600x194.png 600w, https:\/\/gms-systeme.com\/wp-content\/uploads\/2019\/10\/Download-800x258.png 800w, https:\/\/gms-systeme.com\/wp-content\/uploads\/2019\/10\/Download.png 1128w\" sizes=\"(max-width: 800px) 100vw, 1128px\" \/><\/span><div class=\"fusion-text fusion-text-3\" style=\"transform:translate3d(0,0,0);\"><ul>\n<li>Delovni pasovi za vstavljanje v notranjost<\/li>\n<li>Trakovi za dilatacijske spoje v notranjosti<\/li>\n<li>Trakovi za zunanjo gradnjo in dilatacijske spoje<\/li>\n<li>Kovinski zaporniki za vodo<\/li>\n<li>Posebni deli jermenov Gugen<\/li>\n<li>Tesnilne cevi<\/li>\n<li>Trakovi za otekanje<\/li>\n<\/ul>\n<p>Za podrobnej\u0161e informacije se obrnite na office@gms-systeme.com ali 0463 481 111.<\/p>\n<\/div><div class=\"fusion-clearfix\"><\/div><\/div><\/div><\/div><\/div><div class=\"fusion-fullwidth fullwidth-box fusion-builder-row-3 nonhundred-percent-fullwidth non-hundred-percent-height-scrolling\" style=\"background-color: #fffffffff;background-position: left top;background-repeat: no-repeat;padding-top:0px;padding-right:0px;padding-bottom:70px;padding-left:0px;margin-bottom: 0px;margin-top: 0px;border-width: 0px 0px 0px 0px;border-color:#eae9e9;border-style:solid;\" ><div class=\"fusion-builder-row fusion-row\"><div class=\"fusion-layout-column fusion_builder_column fusion-builder-column-2 fusion_builder_column_1_1 1_1 fusion-one-full fusion-column-first fusion-column-last\" style=\"margin-top:0px;margin-bottom:0px;\"><div class=\"fusion-column-wrapper fusion-flex-column-wrapper-legacy\" style=\"background-position:left top;background-repeat:no-repeat;-webkit-background-size:cover;-moz-background-size:cover;-o-background-size:cover;background-size:cover;padding: 0px 0px 0px 0px;\"><div class=\"fusion-clearfix\"><\/div><\/div><\/div><\/div><\/div><div class=\"fusion-fullwidth fullwidth-box fusion-builder-row-4 fusion-parallax-none nonhundred-percent-fullwidth non-hundred-percent-height-scrolling\" style=\"background-color: rgba(255,255,255,0);background-image: url(&quot;https:\/\/gms-systeme.com\/wp-content\/uploads\/2019\/10\/ROCKET5_imagebild.jpg&quot;);background-position: center center;background-repeat: no-repeat;padding-top:100px;padding-right:0px;padding-bottom:90px;padding-left:0px;margin-bottom: 0px;margin-top: 0px;border-width: 0px 0px 0px 0px;border-color:#eae9e9;border-style:solid;-webkit-background-size:cover;-moz-background-size:cover;-o-background-size:cover;background-size:cover;\" ><div class=\"fusion-builder-row fusion-row\"><div class=\"fusion-layout-column fusion_builder_column fusion-builder-column-3 fusion_builder_column_1_6 1_6 fusion-one-sixth fusion-column-first fusion-no-small-visibility\" style=\"width:13.3333%; margin-right: 4%;margin-top:0px;margin-bottom:0px;\"><div class=\"fusion-column-wrapper fusion-flex-column-wrapper-legacy\" style=\"background-position:left top;background-repeat:no-repeat;-webkit-background-size:cover;-moz-background-size:cover;-o-background-size:cover;background-size:cover;padding: 0px 0px 0px 0px;\"><div class=\"fusion-sep-clear\"><\/div><div class=\"fusion-separator fusion-full-width-sep\" style=\"margin-left: auto;margin-right: auto;width:100%;\"><\/div><div class=\"fusion-sep-clear\"><\/div><div class=\"fusion-clearfix\"><\/div><\/div><\/div><div class=\"fusion-layout-column fusion_builder_column fusion-builder-column-4 fusion_builder_column_2_3 2_3 fusion-two-third\" style=\"width:65.3333%; margin-right: 4%;margin-top:20px;margin-bottom:20px;\"><div class=\"fusion-column-wrapper fusion-flex-column-wrapper-legacy\" style=\"background-position:left top;background-repeat:no-repeat;-webkit-background-size:cover;-moz-background-size:cover;-o-background-size:cover;background-size:cover;background-color:rgba(255,255,255,0.9);padding: 0px 0px 0px 0px;\"><style type='text\/css'>.reading-box-container-1 .element-bottomshadow:before,.reading-box-container-1 .element-bottomshadow:after{opacity:0.70;}<\/style><div class=\"fusion-reading-box-container reading-box-container-1\" style=\"margin-top:0px;margin-bottom:0px;\"><div class=\"reading-box reading-box-center\" style=\"background-color:#01539f;border-width:0px;border-color:#f5f5f5;border-style:solid;\"><h2><span style=\"color:#ffffff\">Pi\u0161ite nam<\/span><\/h2><\/div><\/div><div class=\"fusion-builder-row fusion-builder-row-inner fusion-row\"><div class=\"fusion-layout-column fusion_builder_column_inner fusion-builder-nested-column-0 fusion_builder_column_inner_1_1 1_1 fusion-one-full fusion-column-first fusion-column-last\" style=\"margin-top:0px;margin-bottom:0px;\"><div class=\"fusion-column-wrapper fusion-flex-column-wrapper-legacy\" style=\"background-position:left top;background-repeat:no-repeat;-webkit-background-size:cover;-moz-background-size:cover;-o-background-size:cover;background-size:cover;padding: 5% 6% 6% 6%;\"><div class=\"fusion-sep-clear\"><\/div><div class=\"fusion-separator fusion-full-width-sep\" style=\"margin-left: auto;margin-right: auto;margin-top:10px;width:100%;\"><\/div><div class=\"fusion-sep-clear\"><\/div>\n<div class=\"wpcf7 no-js\" id=\"wpcf7-f4927-o1\" lang=\"sl-SI\" dir=\"ltr\" data-wpcf7-id=\"4927\">\n<div class=\"screen-reader-response\"><p role=\"status\" aria-live=\"polite\" aria-atomic=\"true\"><\/p> <ul><\/ul><\/div>\n<form action=\"\/sl\/wp-json\/wp\/v2\/pages\/4906#wpcf7-f4927-o1\" method=\"post\" class=\"wpcf7-form init\" aria-label=\"Kontaktni obrazec\" novalidate=\"novalidate\" data-status=\"init\">\n<fieldset class=\"hidden-fields-container\"><input type=\"hidden\" name=\"_wpcf7\" value=\"4927\" \/><input type=\"hidden\" name=\"_wpcf7_version\" value=\"6.1.5\" \/><input type=\"hidden\" name=\"_wpcf7_locale\" value=\"sl_SI\" \/><input type=\"hidden\" name=\"_wpcf7_unit_tag\" value=\"wpcf7-f4927-o1\" \/><input type=\"hidden\" name=\"_wpcf7_container_post\" value=\"0\" \/><input type=\"hidden\" name=\"_wpcf7_posted_data_hash\" value=\"\" \/>\n<\/fieldset>\n<div class=\"fusion-columns fusion-clearfix\" style=\"margin-bottom: 20px;\">\n\t<div class=\"col-lg-6 col-md-6 col-sm-12\">\n\t\t<p>PRVO IME *\n\t\t<\/p>\n\t\t<p><span class=\"wpcf7-form-control-wrap\" data-name=\"first-name\"><input size=\"40\" maxlength=\"400\" class=\"wpcf7-form-control wpcf7-text wpcf7-validates-as-required\" aria-required=\"true\" aria-invalid=\"false\" value=\"\" type=\"text\" name=\"first-name\" \/><\/span>\n\t\t<\/p>\n\t<\/div>\n\t<div class=\"col-lg-6 col-md-6 col-sm-12\">\n\t\t<p>IME IN PRIIMEK *\n\t\t<\/p>\n\t\t<p><span class=\"wpcf7-form-control-wrap\" data-name=\"last-name\"><input size=\"40\" maxlength=\"400\" class=\"wpcf7-form-control wpcf7-text wpcf7-validates-as-required\" aria-required=\"true\" aria-invalid=\"false\" value=\"\" type=\"text\" name=\"last-name\" \/><\/span>\n\t\t<\/p>\n\t<\/div>\n<\/div>\n<div class=\"fusion-columns fusion-clearfix\" style=\"margin-bottom: 20px;\">\n\t<div class=\"col-lg-6 col-md-6 col-sm-12\">\n\t\t<p>E-PO\u0160TNI NASLOV *\n\t\t<\/p>\n\t\t<p><span class=\"wpcf7-form-control-wrap\" data-name=\"your-email\"><input size=\"40\" maxlength=\"400\" class=\"wpcf7-form-control wpcf7-email wpcf7-validates-as-required wpcf7-text wpcf7-validates-as-email\" aria-required=\"true\" aria-invalid=\"false\" value=\"\" type=\"email\" name=\"your-email\" \/><\/span>\n\t\t<\/p>\n\t<\/div>\n\t<div class=\"col-lg-6 col-md-6 col-sm-12\">\n\t\t<p>TELEFONSKA \u0160TEVILKA *\n\t\t<\/p>\n\t\t<p><span class=\"wpcf7-form-control-wrap\" data-name=\"tel-nummer\"><input size=\"40\" maxlength=\"400\" class=\"wpcf7-form-control wpcf7-text wpcf7-validates-as-required\" aria-required=\"true\" aria-invalid=\"false\" value=\"\" type=\"text\" name=\"tel-nummer\" \/><\/span>\n\t\t<\/p>\n\t<\/div>\n\t<div class=\"col-lg-6 col-md-6 col-sm-12\">\n\t\t<p>POSTCODE *\n\t\t<\/p>\n\t\t<p><span class=\"wpcf7-form-control-wrap\" data-name=\"plz-nummer\"><input size=\"40\" maxlength=\"400\" class=\"wpcf7-form-control wpcf7-text wpcf7-validates-as-required\" aria-required=\"true\" aria-invalid=\"false\" value=\"\" type=\"text\" name=\"plz-nummer\" \/><\/span>\n\t\t<\/p>\n\t<\/div>\n<\/div>\n\n<!-- <div class=\"col-lg-6 col-md-6 col-sm-12\">TELEFONNUMMER<br \/>\n    <span class=\"wpcf7-form-control-wrap\" data-name=\"phone-number\"><input size=\"40\" maxlength=\"400\" class=\"wpcf7-form-control wpcf7-text\" aria-invalid=\"false\" value=\"\" type=\"text\" name=\"phone-number\" \/><\/span><\/div>\n\n-->\n\n\n<!-- <p>FIRMA:<br \/>\n    <span class=\"wpcf7-form-control-wrap\" data-name=\"your-subject\"><input size=\"40\" maxlength=\"400\" class=\"wpcf7-form-control wpcf7-text\" aria-invalid=\"false\" value=\"\" type=\"text\" name=\"your-subject\" \/><\/span> <\/p>\n-->\n<p style=\"margin-bottom: 30px;\">KAKO JIM LAHKO POMAGAMO?\n<\/p>\n<p><span class=\"wpcf7-form-control-wrap\" data-name=\"your-message\"><textarea cols=\"40\" rows=\"10\" maxlength=\"2000\" class=\"wpcf7-form-control wpcf7-textarea\" aria-invalid=\"false\" name=\"your-message\"><\/textarea><\/span>\n<\/p>\n<p>Da, prebral sem <a href=\"https:\/\/gms-systeme.com\/politika-zasebnosti\/\" target=\"_blank\">izjavo o varstvu podatkov<\/a> in se strinjam, da se podatki, ki sem jih posredoval, lahko zbirajo in shranjujejo v elektronski obliki. Moji podatki bodo uporabljeni izklju\u010dno za obdelavo in odgovor na moje povpra\u0161evanje. S po\u0161iljanjem kontaktnega obrazca se strinjam z obdelavo!\n<\/p>\n<p><input class=\"wpcf7-form-control wpcf7-submit has-spinner\" type=\"submit\" value=\"Po\u0161lji\" \/>\n<\/p><div class=\"fusion-alert alert custom alert-custom fusion-alert-center wpcf7-response-output fusion-alert-capitalize alert-dismissable\" style=\"border-width:1px;\"><button type=\"button\" class=\"close toggle-alert\" data-dismiss=\"alert\" aria-hidden=\"true\">&times;<\/button><div class=\"fusion-alert-content-wrapper\"><span class=\"fusion-alert-content\"><\/span><\/div><\/div>\n<\/form>\n<\/div>\n<div class=\"fusion-clearfix\"><\/div><\/div><\/div><\/div><div class=\"fusion-clearfix\"><\/div><\/div><\/div><div class=\"fusion-layout-column fusion_builder_column fusion-builder-column-5 fusion_builder_column_1_6 1_6 fusion-one-sixth fusion-column-last fusion-no-small-visibility\" style=\"width:13.3333%;margin-top:0px;margin-bottom:0px;\"><div class=\"fusion-column-wrapper fusion-flex-column-wrapper-legacy\" style=\"background-position:left top;background-repeat:no-repeat;-webkit-background-size:cover;-moz-background-size:cover;-o-background-size:cover;background-size:cover;padding: 0px 0px 0px 0px;\"><div class=\"fusion-sep-clear\"><\/div><div class=\"fusion-separator fusion-full-width-sep\" style=\"margin-left: auto;margin-right: auto;width:100%;\"><\/div><div class=\"fusion-sep-clear\"><\/div><div class=\"fusion-clearfix\"><\/div><\/div><\/div><\/div><\/div><\/p>\n","protected":false},"excerpt":{"rendered":"","protected":false},"author":1,"featured_media":0,"parent":4643,"menu_order":0,"comment_status":"closed","ping_status":"closed","template":"100-width.php","meta":{"inline_featured_image":false,"footnotes":""},"class_list":["post-4906","page","type-page","status-publish","hentry"],"yoast_head":"<!-- This site is optimized with the Yoast SEO plugin v27.3 - https:\/\/yoast.com\/product\/yoast-seo-wordpress\/ -->\n<title>Doma\u010da stran Tyrolit<\/title>\n<meta name=\"robots\" content=\"index, follow, max-snippet:-1, max-image-preview:large, max-video-preview:-1\" \/>\n<link rel=\"canonical\" href=\"https:\/\/gms-systeme.com\/sl\/tehnologija-pritrjevanja\/pregled-izdelkov\/zascita-stavb\/\" \/>\n<meta property=\"og:locale\" content=\"sl_SI\" \/>\n<meta property=\"og:type\" content=\"article\" \/>\n<meta property=\"og:title\" content=\"Doma\u010da stran Tyrolit\" \/>\n<meta property=\"og:url\" content=\"https:\/\/gms-systeme.com\/sl\/tehnologija-pritrjevanja\/pregled-izdelkov\/zascita-stavb\/\" \/>\n<meta property=\"og:site_name\" content=\"GMS-Bautechnik - Dach- und Befestigungssysteme - K\u00e4rnten, \u00d6sterreich.\" \/>\n<meta property=\"article:modified_time\" content=\"2024-09-02T08:05:44+00:00\" \/>\n<meta name=\"twitter:card\" content=\"summary_large_image\" \/>\n<meta name=\"twitter:label1\" content=\"Est. reading time\" \/>\n\t<meta name=\"twitter:data1\" content=\"3 minute\" \/>\n<script type=\"application\/ld+json\" class=\"yoast-schema-graph\">{\"@context\":\"https:\\\/\\\/schema.org\",\"@graph\":[{\"@type\":\"WebPage\",\"@id\":\"https:\\\/\\\/gms-systeme.com\\\/sl\\\/tehnologija-pritrjevanja\\\/pregled-izdelkov\\\/zascita-stavb\\\/\",\"url\":\"https:\\\/\\\/gms-systeme.com\\\/sl\\\/tehnologija-pritrjevanja\\\/pregled-izdelkov\\\/zascita-stavb\\\/\",\"name\":\"Doma\u010da stran Tyrolit\",\"isPartOf\":{\"@id\":\"https:\\\/\\\/gms-systeme.com\\\/#website\"},\"datePublished\":\"2023-04-17T12:52:49+00:00\",\"dateModified\":\"2024-09-02T08:05:44+00:00\",\"breadcrumb\":{\"@id\":\"https:\\\/\\\/gms-systeme.com\\\/sl\\\/tehnologija-pritrjevanja\\\/pregled-izdelkov\\\/zascita-stavb\\\/#breadcrumb\"},\"inLanguage\":\"sl-SI\",\"potentialAction\":[{\"@type\":\"ReadAction\",\"target\":[\"https:\\\/\\\/gms-systeme.com\\\/sl\\\/tehnologija-pritrjevanja\\\/pregled-izdelkov\\\/zascita-stavb\\\/\"]}]},{\"@type\":\"BreadcrumbList\",\"@id\":\"https:\\\/\\\/gms-systeme.com\\\/sl\\\/tehnologija-pritrjevanja\\\/pregled-izdelkov\\\/zascita-stavb\\\/#breadcrumb\",\"itemListElement\":[{\"@type\":\"ListItem\",\"position\":1,\"name\":\"Home\",\"item\":\"https:\\\/\\\/gms-systeme.com\\\/sl\\\/\"},{\"@type\":\"ListItem\",\"position\":2,\"name\":\"Tehnologija pritrjevanja\",\"item\":\"https:\\\/\\\/gms-systeme.com\\\/sl\\\/tehnologija-pritrjevanja\\\/\"},{\"@type\":\"ListItem\",\"position\":3,\"name\":\"Pregled izdelkov\",\"item\":\"https:\\\/\\\/gms-systeme.com\\\/sl\\\/tehnologija-pritrjevanja\\\/pregled-izdelkov\\\/\"},{\"@type\":\"ListItem\",\"position\":4,\"name\":\"Za\u0161\u010dita stavb\"}]},{\"@type\":\"WebSite\",\"@id\":\"https:\\\/\\\/gms-systeme.com\\\/#website\",\"url\":\"https:\\\/\\\/gms-systeme.com\\\/\",\"name\":\"GMS-Bautechnik - Dach- und Befestigungssysteme - K\u00e4rnten, \u00d6sterreich.\",\"description\":\"\",\"potentialAction\":[{\"@type\":\"SearchAction\",\"target\":{\"@type\":\"EntryPoint\",\"urlTemplate\":\"https:\\\/\\\/gms-systeme.com\\\/?s={search_term_string}\"},\"query-input\":{\"@type\":\"PropertyValueSpecification\",\"valueRequired\":true,\"valueName\":\"search_term_string\"}}],\"inLanguage\":\"sl-SI\"}]}<\/script>\n<!-- \/ Yoast SEO plugin. -->","yoast_head_json":{"title":"Doma\u010da stran Tyrolit","robots":{"index":"index","follow":"follow","max-snippet":"max-snippet:-1","max-image-preview":"max-image-preview:large","max-video-preview":"max-video-preview:-1"},"canonical":"https:\/\/gms-systeme.com\/sl\/tehnologija-pritrjevanja\/pregled-izdelkov\/zascita-stavb\/","og_locale":"sl_SI","og_type":"article","og_title":"Doma\u010da stran Tyrolit","og_url":"https:\/\/gms-systeme.com\/sl\/tehnologija-pritrjevanja\/pregled-izdelkov\/zascita-stavb\/","og_site_name":"GMS-Bautechnik - Dach- und Befestigungssysteme - K\u00e4rnten, \u00d6sterreich.","article_modified_time":"2024-09-02T08:05:44+00:00","twitter_card":"summary_large_image","twitter_misc":{"Est. reading time":"3 minute"},"schema":{"@context":"https:\/\/schema.org","@graph":[{"@type":"WebPage","@id":"https:\/\/gms-systeme.com\/sl\/tehnologija-pritrjevanja\/pregled-izdelkov\/zascita-stavb\/","url":"https:\/\/gms-systeme.com\/sl\/tehnologija-pritrjevanja\/pregled-izdelkov\/zascita-stavb\/","name":"Doma\u010da stran Tyrolit","isPartOf":{"@id":"https:\/\/gms-systeme.com\/#website"},"datePublished":"2023-04-17T12:52:49+00:00","dateModified":"2024-09-02T08:05:44+00:00","breadcrumb":{"@id":"https:\/\/gms-systeme.com\/sl\/tehnologija-pritrjevanja\/pregled-izdelkov\/zascita-stavb\/#breadcrumb"},"inLanguage":"sl-SI","potentialAction":[{"@type":"ReadAction","target":["https:\/\/gms-systeme.com\/sl\/tehnologija-pritrjevanja\/pregled-izdelkov\/zascita-stavb\/"]}]},{"@type":"BreadcrumbList","@id":"https:\/\/gms-systeme.com\/sl\/tehnologija-pritrjevanja\/pregled-izdelkov\/zascita-stavb\/#breadcrumb","itemListElement":[{"@type":"ListItem","position":1,"name":"Home","item":"https:\/\/gms-systeme.com\/sl\/"},{"@type":"ListItem","position":2,"name":"Tehnologija pritrjevanja","item":"https:\/\/gms-systeme.com\/sl\/tehnologija-pritrjevanja\/"},{"@type":"ListItem","position":3,"name":"Pregled izdelkov","item":"https:\/\/gms-systeme.com\/sl\/tehnologija-pritrjevanja\/pregled-izdelkov\/"},{"@type":"ListItem","position":4,"name":"Za\u0161\u010dita stavb"}]},{"@type":"WebSite","@id":"https:\/\/gms-systeme.com\/#website","url":"https:\/\/gms-systeme.com\/","name":"GMS-Bautechnik - Dach- und Befestigungssysteme - K\u00e4rnten, \u00d6sterreich.","description":"","potentialAction":[{"@type":"SearchAction","target":{"@type":"EntryPoint","urlTemplate":"https:\/\/gms-systeme.com\/?s={search_term_string}"},"query-input":{"@type":"PropertyValueSpecification","valueRequired":true,"valueName":"search_term_string"}}],"inLanguage":"sl-SI"}]}},"_links":{"self":[{"href":"https:\/\/gms-systeme.com\/sl\/wp-json\/wp\/v2\/pages\/4906","targetHints":{"allow":["GET"]}}],"collection":[{"href":"https:\/\/gms-systeme.com\/sl\/wp-json\/wp\/v2\/pages"}],"about":[{"href":"https:\/\/gms-systeme.com\/sl\/wp-json\/wp\/v2\/types\/page"}],"author":[{"embeddable":true,"href":"https:\/\/gms-systeme.com\/sl\/wp-json\/wp\/v2\/users\/1"}],"replies":[{"embeddable":true,"href":"https:\/\/gms-systeme.com\/sl\/wp-json\/wp\/v2\/comments?post=4906"}],"version-history":[{"count":2,"href":"https:\/\/gms-systeme.com\/sl\/wp-json\/wp\/v2\/pages\/4906\/revisions"}],"predecessor-version":[{"id":4916,"href":"https:\/\/gms-systeme.com\/sl\/wp-json\/wp\/v2\/pages\/4906\/revisions\/4916"}],"up":[{"embeddable":true,"href":"https:\/\/gms-systeme.com\/sl\/wp-json\/wp\/v2\/pages\/4643"}],"wp:attachment":[{"href":"https:\/\/gms-systeme.com\/sl\/wp-json\/wp\/v2\/media?parent=4906"}],"curies":[{"name":"wp","href":"https:\/\/api.w.org\/{rel}","templated":true}]}}